{"id":8,"date":"2016-02-06T23:29:06","date_gmt":"2016-02-06T23:29:06","guid":{"rendered":"https:\/\/samogreen.com\/samogreen\/?page_id=8"},"modified":"2016-02-07T17:43:54","modified_gmt":"2016-02-07T17:43:54","slug":"portfolio","status":"publish","type":"page","link":"https:\/\/samogreen.com\/samogreen\/portfolio\/","title":{"rendered":"Portfolio"},"content":{"rendered":"<div id='gallery-1' class='gallery galleryid-8 gallery-columns-4 gallery-size-thumbnail'><figure class='gallery-item'>\n\t\t\t<div class='gallery-icon landscape'>\n\t\t\t\t<a title=\"obra18\" href='https:\/\/samogreen.com\/samogreen\/wp-content\/uploads\/2016\/02\/obra18.jpg'><img decoding=\"async\" width=\"150\" height=\"150\" src=\"https:\/\/samogreen.com\/samogreen\/wp-content\/uploads\/2016\/02\/obra18-150x150.jpg\" class=\"attachment-thumbnail size-thumbnail\" alt=\"Exemplo de Obra\" srcset=\"https:\/\/samogreen.com\/samogreen\/wp-content\/uploads\/2016\/02\/obra18-150x150.jpg 150w, https:\/\/samogreen.com\/samogreen\/wp-content\/uploads\/2016\/02\/obra18-250x250.jpg 250w, https:\/\/samogreen.com\/samogreen\/wp-content\/uploads\/2016\/02\/obra18-174x174.jpg 174w\" sizes=\"(max-width: 150px) 100vw, 150px\" \/><\/a>\n\t\t\t<\/div><\/figure><figure class='gallery-item'>\n\t\t\t<div class='gallery-icon landscape'>\n\t\t\t\t<a title=\"obra16\" href='https:\/\/samogreen.com\/samogreen\/wp-content\/uploads\/2016\/02\/obra16.jpg'><img decoding=\"async\" width=\"150\" height=\"150\" src=\"https:\/\/samogreen.com\/samogreen\/wp-content\/uploads\/2016\/02\/obra16-150x150.jpg\" class=\"attachment-thumbnail size-thumbnail\" alt=\"Exemplo de Obra\" srcset=\"https:\/\/samogreen.com\/samogreen\/wp-content\/uploads\/2016\/02\/obra16-150x150.jpg 150w, https:\/\/samogreen.com\/samogreen\/wp-content\/uploads\/2016\/02\/obra16-250x250.jpg 250w, https:\/\/samogreen.com\/samogreen\/wp-content\/uploads\/2016\/02\/obra16-174x174.jpg 174w\" sizes=\"(max-width: 150px) 100vw, 150px\" \/><\/a>\n\t\t\t<\/div><\/figure><figure class='gallery-item'>\n\t\t\t<div class='gallery-icon landscape'>\n\t\t\t\t<a title=\"obra14\" href='https:\/\/samogreen.com\/samogreen\/wp-content\/uploads\/2016\/02\/obra14.jpg'><img decoding=\"async\" width=\"150\" height=\"150\" src=\"https:\/\/samogreen.com\/samogreen\/wp-content\/uploads\/2016\/02\/obra14-150x150.jpg\" class=\"attachment-thumbnail size-thumbnail\" alt=\"Exemplo de Obra\" srcset=\"https:\/\/samogreen.com\/samogreen\/wp-content\/uploads\/2016\/02\/obra14-150x150.jpg 150w, https:\/\/samogreen.com\/samogreen\/wp-content\/uploads\/2016\/02\/obra14-250x250.jpg 250w, https:\/\/samogreen.com\/samogreen\/wp-content\/uploads\/2016\/02\/obra14-174x174.jpg 174w\" sizes=\"(max-width: 150px) 100vw, 150px\" \/><\/a>\n\t\t\t<\/div><\/figure><figure class='gallery-item'>\n\t\t\t<div class='gallery-icon landscape'>\n\t\t\t\t<a title=\"obra06\" href='https:\/\/samogreen.com\/samogreen\/wp-content\/uploads\/2016\/02\/obra06.jpg'><img loading=\"lazy\" decoding=\"async\" width=\"150\" height=\"150\" src=\"https:\/\/samogreen.com\/samogreen\/wp-content\/uploads\/2016\/02\/obra06-150x150.jpg\" class=\"attachment-thumbnail size-thumbnail\" alt=\"Exemplo de Obra\" srcset=\"https:\/\/samogreen.com\/samogreen\/wp-content\/uploads\/2016\/02\/obra06-150x150.jpg 150w, https:\/\/samogreen.com\/samogreen\/wp-content\/uploads\/2016\/02\/obra06-250x250.jpg 250w, https:\/\/samogreen.com\/samogreen\/wp-content\/uploads\/2016\/02\/obra06-174x174.jpg 174w\" sizes=\"(max-width: 150px) 100vw, 150px\" \/><\/a>\n\t\t\t<\/div><\/figure><figure class='gallery-item'>\n\t\t\t<div class='gallery-icon landscape'>\n\t\t\t\t<a title=\"obra07\" href='https:\/\/samogreen.com\/samogreen\/wp-content\/uploads\/2016\/02\/obra07.jpg'><img loading=\"lazy\" decoding=\"async\" width=\"150\" height=\"150\" src=\"https:\/\/samogreen.com\/samogreen\/wp-content\/uploads\/2016\/02\/obra07-150x150.jpg\" class=\"attachment-thumbnail size-thumbnail\" alt=\"Exemplo de Obra\" srcset=\"https:\/\/samogreen.com\/samogreen\/wp-content\/uploads\/2016\/02\/obra07-150x150.jpg 150w, https:\/\/samogreen.com\/samogreen\/wp-content\/uploads\/2016\/02\/obra07-250x250.jpg 250w, https:\/\/samogreen.com\/samogreen\/wp-content\/uploads\/2016\/02\/obra07-174x174.jpg 174w\" sizes=\"(max-width: 150px) 100vw, 150px\" \/><\/a>\n\t\t\t<\/div><\/figure><figure class='gallery-item'>\n\t\t\t<div class='gallery-icon portrait'>\n\t\t\t\t<a title=\"obra08\" href='https:\/\/samogreen.com\/samogreen\/wp-content\/uploads\/2016\/02\/obra08.jpg'><img loading=\"lazy\" decoding=\"async\" width=\"150\" height=\"150\" src=\"https:\/\/samogreen.com\/samogreen\/wp-content\/uploads\/2016\/02\/obra08-150x150.jpg\" class=\"attachment-thumbnail size-thumbnail\" alt=\"Exemplo de Obra\" srcset=\"https:\/\/samogreen.com\/samogreen\/wp-content\/uploads\/2016\/02\/obra08-150x150.jpg 150w, https:\/\/samogreen.com\/samogreen\/wp-content\/uploads\/2016\/02\/obra08-250x250.jpg 250w, https:\/\/samogreen.com\/samogreen\/wp-content\/uploads\/2016\/02\/obra08-174x174.jpg 174w\" sizes=\"(max-width: 150px) 100vw, 150px\" \/><\/a>\n\t\t\t<\/div><\/figure><figure class='gallery-item'>\n\t\t\t<div class='gallery-icon landscape'>\n\t\t\t\t<a title=\"obra15\" href='https:\/\/samogreen.com\/samogreen\/wp-content\/uploads\/2016\/02\/obra15.jpg'><img loading=\"lazy\" decoding=\"async\" width=\"150\" height=\"150\" src=\"https:\/\/samogreen.com\/samogreen\/wp-content\/uploads\/2016\/02\/obra15-150x150.jpg\" class=\"attachment-thumbnail size-thumbnail\" alt=\"Exemplo de Obra\" srcset=\"https:\/\/samogreen.com\/samogreen\/wp-content\/uploads\/2016\/02\/obra15-150x150.jpg 150w, https:\/\/samogreen.com\/samogreen\/wp-content\/uploads\/2016\/02\/obra15-250x250.jpg 250w, https:\/\/samogreen.com\/samogreen\/wp-content\/uploads\/2016\/02\/obra15-174x174.jpg 174w\" sizes=\"(max-width: 150px) 100vw, 150px\" \/><\/a>\n\t\t\t<\/div><\/figure><figure class='gallery-item'>\n\t\t\t<div class='gallery-icon landscape'>\n\t\t\t\t<a title=\"obra13\" href='https:\/\/samogreen.com\/samogreen\/wp-content\/uploads\/2016\/02\/obra13.jpg'><img loading=\"lazy\" decoding=\"async\" width=\"150\" height=\"150\" src=\"https:\/\/samogreen.com\/samogreen\/wp-content\/uploads\/2016\/02\/obra13-150x150.jpg\" class=\"attachment-thumbnail size-thumbnail\" alt=\"Exemplo de Obra\" srcset=\"https:\/\/samogreen.com\/samogreen\/wp-content\/uploads\/2016\/02\/obra13-150x150.jpg 150w, https:\/\/samogreen.com\/samogreen\/wp-content\/uploads\/2016\/02\/obra13-250x250.jpg 250w, https:\/\/samogreen.com\/samogreen\/wp-content\/uploads\/2016\/02\/obra13-174x174.jpg 174w\" sizes=\"(max-width: 150px) 100vw, 150px\" \/><\/a>\n\t\t\t<\/div><\/figure><figure class='gallery-item'>\n\t\t\t<div class='gallery-icon landscape'>\n\t\t\t\t<a title=\"obra12\" href='https:\/\/samogreen.com\/samogreen\/wp-content\/uploads\/2016\/02\/obra12.jpg'><img loading=\"lazy\" decoding=\"async\" width=\"150\" height=\"150\" src=\"https:\/\/samogreen.com\/samogreen\/wp-content\/uploads\/2016\/02\/obra12-150x150.jpg\" class=\"attachment-thumbnail size-thumbnail\" alt=\"Exemplo de Obra\" srcset=\"https:\/\/samogreen.com\/samogreen\/wp-content\/uploads\/2016\/02\/obra12-150x150.jpg 150w, https:\/\/samogreen.com\/samogreen\/wp-content\/uploads\/2016\/02\/obra12-250x250.jpg 250w, https:\/\/samogreen.com\/samogreen\/wp-content\/uploads\/2016\/02\/obra12-174x174.jpg 174w\" sizes=\"(max-width: 150px) 100vw, 150px\" \/><\/a>\n\t\t\t<\/div><\/figure><figure class='gallery-item'>\n\t\t\t<div class='gallery-icon landscape'>\n\t\t\t\t<a title=\"obra11\" href='https:\/\/samogreen.com\/samogreen\/wp-content\/uploads\/2016\/02\/obra11.jpg'><img loading=\"lazy\" decoding=\"async\" width=\"150\" height=\"150\" src=\"https:\/\/samogreen.com\/samogreen\/wp-content\/uploads\/2016\/02\/obra11-150x150.jpg\" class=\"attachment-thumbnail size-thumbnail\" alt=\"Exemplo de Obra\" srcset=\"https:\/\/samogreen.com\/samogreen\/wp-content\/uploads\/2016\/02\/obra11-150x150.jpg 150w, https:\/\/samogreen.com\/samogreen\/wp-content\/uploads\/2016\/02\/obra11-250x250.jpg 250w, https:\/\/samogreen.com\/samogreen\/wp-content\/uploads\/2016\/02\/obra11-174x174.jpg 174w\" sizes=\"(max-width: 150px) 100vw, 150px\" \/><\/a>\n\t\t\t<\/div><\/figure><figure class='gallery-item'>\n\t\t\t<div class='gallery-icon landscape'>\n\t\t\t\t<a title=\"obra10\" href='https:\/\/samogreen.com\/samogreen\/wp-content\/uploads\/2016\/02\/obra10.jpg'><img loading=\"lazy\" decoding=\"async\" width=\"150\" height=\"150\" src=\"https:\/\/samogreen.com\/samogreen\/wp-content\/uploads\/2016\/02\/obra10-150x150.jpg\" class=\"attachment-thumbnail size-thumbnail\" alt=\"Exemplo de Obra\" srcset=\"https:\/\/samogreen.com\/samogreen\/wp-content\/uploads\/2016\/02\/obra10-150x150.jpg 150w, https:\/\/samogreen.com\/samogreen\/wp-content\/uploads\/2016\/02\/obra10-250x250.jpg 250w, https:\/\/samogreen.com\/samogreen\/wp-content\/uploads\/2016\/02\/obra10-174x174.jpg 174w\" sizes=\"(max-width: 150px) 100vw, 150px\" \/><\/a>\n\t\t\t<\/div><\/figure><figure class='gallery-item'>\n\t\t\t<div class='gallery-icon landscape'>\n\t\t\t\t<a title=\"obra09\" href='https:\/\/samogreen.com\/samogreen\/wp-content\/uploads\/2016\/02\/obra09.jpg'><img loading=\"lazy\" decoding=\"async\" width=\"150\" height=\"150\" src=\"https:\/\/samogreen.com\/samogreen\/wp-content\/uploads\/2016\/02\/obra09-150x150.jpg\" class=\"attachment-thumbnail size-thumbnail\" alt=\"Exemplo de Obra\" srcset=\"https:\/\/samogreen.com\/samogreen\/wp-content\/uploads\/2016\/02\/obra09-150x150.jpg 150w, https:\/\/samogreen.com\/samogreen\/wp-content\/uploads\/2016\/02\/obra09-250x250.jpg 250w, https:\/\/samogreen.com\/samogreen\/wp-content\/uploads\/2016\/02\/obra09-174x174.jpg 174w\" sizes=\"(max-width: 150px) 100vw, 150px\" \/><\/a>\n\t\t\t<\/div><\/figure><figure class='gallery-item'>\n\t\t\t<div class='gallery-icon landscape'>\n\t\t\t\t<a title=\"obra01\" href='https:\/\/samogreen.com\/samogreen\/wp-content\/uploads\/2016\/02\/obra01.jpg'><img loading=\"lazy\" decoding=\"async\" width=\"150\" height=\"150\" src=\"https:\/\/samogreen.com\/samogreen\/wp-content\/uploads\/2016\/02\/obra01-150x150.jpg\" class=\"attachment-thumbnail size-thumbnail\" alt=\"Exemplo de Obra\" srcset=\"https:\/\/samogreen.com\/samogreen\/wp-content\/uploads\/2016\/02\/obra01-150x150.jpg 150w, https:\/\/samogreen.com\/samogreen\/wp-content\/uploads\/2016\/02\/obra01-250x250.jpg 250w, https:\/\/samogreen.com\/samogreen\/wp-content\/uploads\/2016\/02\/obra01-174x174.jpg 174w\" sizes=\"(max-width: 150px) 100vw, 150px\" \/><\/a>\n\t\t\t<\/div><\/figure><figure class='gallery-item'>\n\t\t\t<div class='gallery-icon landscape'>\n\t\t\t\t<a title=\"obra02\" href='https:\/\/samogreen.com\/samogreen\/wp-content\/uploads\/2016\/02\/obra02.jpg'><img loading=\"lazy\" decoding=\"async\" width=\"150\" height=\"150\" src=\"https:\/\/samogreen.com\/samogreen\/wp-content\/uploads\/2016\/02\/obra02-150x150.jpg\" class=\"attachment-thumbnail size-thumbnail\" alt=\"Exemplo de Obra\" srcset=\"https:\/\/samogreen.com\/samogreen\/wp-content\/uploads\/2016\/02\/obra02-150x150.jpg 150w, https:\/\/samogreen.com\/samogreen\/wp-content\/uploads\/2016\/02\/obra02-250x250.jpg 250w, https:\/\/samogreen.com\/samogreen\/wp-content\/uploads\/2016\/02\/obra02-174x174.jpg 174w\" sizes=\"(max-width: 150px) 100vw, 150px\" \/><\/a>\n\t\t\t<\/div><\/figure><figure class='gallery-item'>\n\t\t\t<div class='gallery-icon landscape'>\n\t\t\t\t<a title=\"obra03\" href='https:\/\/samogreen.com\/samogreen\/wp-content\/uploads\/2016\/02\/obra03.jpg'><img loading=\"lazy\" decoding=\"async\" width=\"150\" height=\"150\" src=\"https:\/\/samogreen.com\/samogreen\/wp-content\/uploads\/2016\/02\/obra03-150x150.jpg\" class=\"attachment-thumbnail size-thumbnail\" alt=\"Exemplo de Obra\" srcset=\"https:\/\/samogreen.com\/samogreen\/wp-content\/uploads\/2016\/02\/obra03-150x150.jpg 150w, https:\/\/samogreen.com\/samogreen\/wp-content\/uploads\/2016\/02\/obra03-250x250.jpg 250w, https:\/\/samogreen.com\/samogreen\/wp-content\/uploads\/2016\/02\/obra03-174x174.jpg 174w\" sizes=\"(max-width: 150px) 100vw, 150px\" \/><\/a>\n\t\t\t<\/div><\/figure><figure class='gallery-item'>\n\t\t\t<div class='gallery-icon landscape'>\n\t\t\t\t<a title=\"obra04\" href='https:\/\/samogreen.com\/samogreen\/wp-content\/uploads\/2016\/02\/obra04.jpg'><img loading=\"lazy\" decoding=\"async\" width=\"150\" height=\"150\" src=\"https:\/\/samogreen.com\/samogreen\/wp-content\/uploads\/2016\/02\/obra04-150x150.jpg\" class=\"attachment-thumbnail size-thumbnail\" alt=\"Exemplo de Obra\" srcset=\"https:\/\/samogreen.com\/samogreen\/wp-content\/uploads\/2016\/02\/obra04-150x150.jpg 150w, https:\/\/samogreen.com\/samogreen\/wp-content\/uploads\/2016\/02\/obra04-250x250.jpg 250w, https:\/\/samogreen.com\/samogreen\/wp-content\/uploads\/2016\/02\/obra04-174x174.jpg 174w\" sizes=\"(max-width: 150px) 100vw, 150px\" \/><\/a>\n\t\t\t<\/div><\/figure><figure class='gallery-item'>\n\t\t\t<div class='gallery-icon landscape'>\n\t\t\t\t<a title=\"obra05\" href='https:\/\/samogreen.com\/samogreen\/wp-content\/uploads\/2016\/02\/obra05.jpg'><img loading=\"lazy\" decoding=\"async\" width=\"150\" height=\"150\" src=\"https:\/\/samogreen.com\/samogreen\/wp-content\/uploads\/2016\/02\/obra05-150x150.jpg\" class=\"attachment-thumbnail size-thumbnail\" alt=\"Exemplo de Obra\" srcset=\"https:\/\/samogreen.com\/samogreen\/wp-content\/uploads\/2016\/02\/obra05-150x150.jpg 150w, https:\/\/samogreen.com\/samogreen\/wp-content\/uploads\/2016\/02\/obra05-250x250.jpg 250w, https:\/\/samogreen.com\/samogreen\/wp-content\/uploads\/2016\/02\/obra05-174x174.jpg 174w\" sizes=\"(max-width: 150px) 100vw, 150px\" \/><\/a>\n\t\t\t<\/div><\/figure>\n\t\t<\/div>\n\n","protected":false},"excerpt":{"rendered":"","protected":false},"author":1,"featured_media":0,"parent":0,"menu_order":0,"comment_status":"closed","ping_status":"closed","template":"template-fullwidth.php","meta":{"advgb_blocks_editor_width":"","advgb_blocks_columns_visual_guide":"","footnotes":""},"class_list":["post-8","page","type-page","status-publish","hentry"],"yoast_head":"<!-- This site is optimized with the Yoast SEO plugin v27.3 - https:\/\/yoast.com\/product\/yoast-seo-wordpress\/ -->\n<title>Portfolio - Samogreen<\/title>\n<meta name=\"description\" content=\"Portfolio de Obras realizadas pela Samogreen.\" \/>\n<meta name=\"robots\" content=\"index, follow, max-snippet:-1, max-image-preview:large, max-video-preview:-1\" \/>\n<link rel=\"canonical\" href=\"https:\/\/samogreen.com\/samogreen\/portfolio\/\" \/>\n<meta property=\"og:locale\" content=\"pt_PT\" \/>\n<meta property=\"og:type\" content=\"article\" \/>\n<meta property=\"og:title\" content=\"Portfolio - Samogreen\" \/>\n<meta property=\"og:description\" content=\"Portfolio de Obras realizadas pela Samogreen.\" \/>\n<meta property=\"og:url\" content=\"https:\/\/samogreen.com\/samogreen\/portfolio\/\" \/>\n<meta property=\"og:site_name\" content=\"Samogreen\" \/>\n<meta property=\"article:publisher\" content=\"https:\/\/www.facebook.com\/pages\/Samogreen-Systems\/730228706990135\" \/>\n<meta property=\"article:modified_time\" content=\"2016-02-07T17:43:54+00:00\" \/>\n<meta property=\"og:image\" content=\"https:\/\/samogreen.com\/samogreen\/wp-content\/uploads\/2016\/02\/obra18-150x150.jpg\" \/>\n<meta name=\"twitter:card\" content=\"summary_large_image\" \/>\n<script type=\"application\/ld+json\" class=\"yoast-schema-graph\">{\"@context\":\"https:\\\/\\\/schema.org\",\"@graph\":[{\"@type\":\"WebPage\",\"@id\":\"https:\\\/\\\/samogreen.com\\\/samogreen\\\/portfolio\\\/\",\"url\":\"https:\\\/\\\/samogreen.com\\\/samogreen\\\/portfolio\\\/\",\"name\":\"Portfolio - Samogreen\",\"isPartOf\":{\"@id\":\"https:\\\/\\\/samogreen.com\\\/samogreen\\\/#website\"},\"datePublished\":\"2016-02-06T23:29:06+00:00\",\"dateModified\":\"2016-02-07T17:43:54+00:00\",\"description\":\"Portfolio de Obras realizadas pela Samogreen.\",\"breadcrumb\":{\"@id\":\"https:\\\/\\\/samogreen.com\\\/samogreen\\\/portfolio\\\/#breadcrumb\"},\"inLanguage\":\"pt-PT\",\"potentialAction\":[{\"@type\":\"ReadAction\",\"target\":[\"https:\\\/\\\/samogreen.com\\\/samogreen\\\/portfolio\\\/\"]}]},{\"@type\":\"BreadcrumbList\",\"@id\":\"https:\\\/\\\/samogreen.com\\\/samogreen\\\/portfolio\\\/#breadcrumb\",\"itemListElement\":[{\"@type\":\"ListItem\",\"position\":1,\"name\":\"Home\",\"item\":\"https:\\\/\\\/samogreen.com\\\/samogreen\\\/\"},{\"@type\":\"ListItem\",\"position\":2,\"name\":\"Portfolio\"}]},{\"@type\":\"WebSite\",\"@id\":\"https:\\\/\\\/samogreen.com\\\/samogreen\\\/#website\",\"url\":\"https:\\\/\\\/samogreen.com\\\/samogreen\\\/\",\"name\":\"Samogreen\",\"description\":\"Energias Renov\u00e1veis, Autoconsumo e Seguran\u00e7a Electr\u00f3nica\",\"publisher\":{\"@id\":\"https:\\\/\\\/samogreen.com\\\/samogreen\\\/#organization\"},\"alternateName\":\"Energias renov\u00e1veis e solu\u00e7\u00f5es de autoconsumo - Samogreen\",\"potentialAction\":[{\"@type\":\"SearchAction\",\"target\":{\"@type\":\"EntryPoint\",\"urlTemplate\":\"https:\\\/\\\/samogreen.com\\\/samogreen\\\/?s={search_term_string}\"},\"query-input\":{\"@type\":\"PropertyValueSpecification\",\"valueRequired\":true,\"valueName\":\"search_term_string\"}}],\"inLanguage\":\"pt-PT\"},{\"@type\":\"Organization\",\"@id\":\"https:\\\/\\\/samogreen.com\\\/samogreen\\\/#organization\",\"name\":\"SAMOGREEN - Energias renov\u00e1veis e solu\u00e7\u00f5es de autoconsumo\",\"url\":\"https:\\\/\\\/samogreen.com\\\/samogreen\\\/\",\"logo\":{\"@type\":\"ImageObject\",\"inLanguage\":\"pt-PT\",\"@id\":\"https:\\\/\\\/samogreen.com\\\/samogreen\\\/#\\\/schema\\\/logo\\\/image\\\/\",\"url\":\"https:\\\/\\\/samogreen.com\\\/samogreen\\\/wp-content\\\/uploads\\\/2016\\\/02\\\/logo.png\",\"contentUrl\":\"https:\\\/\\\/samogreen.com\\\/samogreen\\\/wp-content\\\/uploads\\\/2016\\\/02\\\/logo.png\",\"width\":285,\"height\":85,\"caption\":\"SAMOGREEN - Energias renov\u00e1veis e solu\u00e7\u00f5es de autoconsumo\"},\"image\":{\"@id\":\"https:\\\/\\\/samogreen.com\\\/samogreen\\\/#\\\/schema\\\/logo\\\/image\\\/\"},\"sameAs\":[\"https:\\\/\\\/www.facebook.com\\\/pages\\\/Samogreen-Systems\\\/730228706990135\",\"https:\\\/\\\/pt.linkedin.com\\\/in\\\/samogreen-systems-4a621021\"]}]}<\/script>\n<!-- \/ Yoast SEO plugin. -->","yoast_head_json":{"title":"Portfolio - Samogreen","description":"Portfolio de Obras realizadas pela Samogreen.","robots":{"index":"index","follow":"follow","max-snippet":"max-snippet:-1","max-image-preview":"max-image-preview:large","max-video-preview":"max-video-preview:-1"},"canonical":"https:\/\/samogreen.com\/samogreen\/portfolio\/","og_locale":"pt_PT","og_type":"article","og_title":"Portfolio - Samogreen","og_description":"Portfolio de Obras realizadas pela Samogreen.","og_url":"https:\/\/samogreen.com\/samogreen\/portfolio\/","og_site_name":"Samogreen","article_publisher":"https:\/\/www.facebook.com\/pages\/Samogreen-Systems\/730228706990135","article_modified_time":"2016-02-07T17:43:54+00:00","og_image":[{"url":"https:\/\/samogreen.com\/samogreen\/wp-content\/uploads\/2016\/02\/obra18-150x150.jpg","type":"","width":"","height":""}],"twitter_card":"summary_large_image","schema":{"@context":"https:\/\/schema.org","@graph":[{"@type":"WebPage","@id":"https:\/\/samogreen.com\/samogreen\/portfolio\/","url":"https:\/\/samogreen.com\/samogreen\/portfolio\/","name":"Portfolio - Samogreen","isPartOf":{"@id":"https:\/\/samogreen.com\/samogreen\/#website"},"datePublished":"2016-02-06T23:29:06+00:00","dateModified":"2016-02-07T17:43:54+00:00","description":"Portfolio de Obras realizadas pela Samogreen.","breadcrumb":{"@id":"https:\/\/samogreen.com\/samogreen\/portfolio\/#breadcrumb"},"inLanguage":"pt-PT","potentialAction":[{"@type":"ReadAction","target":["https:\/\/samogreen.com\/samogreen\/portfolio\/"]}]},{"@type":"BreadcrumbList","@id":"https:\/\/samogreen.com\/samogreen\/portfolio\/#breadcrumb","itemListElement":[{"@type":"ListItem","position":1,"name":"Home","item":"https:\/\/samogreen.com\/samogreen\/"},{"@type":"ListItem","position":2,"name":"Portfolio"}]},{"@type":"WebSite","@id":"https:\/\/samogreen.com\/samogreen\/#website","url":"https:\/\/samogreen.com\/samogreen\/","name":"Samogreen","description":"Energias Renov\u00e1veis, Autoconsumo e Seguran\u00e7a Electr\u00f3nica","publisher":{"@id":"https:\/\/samogreen.com\/samogreen\/#organization"},"alternateName":"Energias renov\u00e1veis e solu\u00e7\u00f5es de autoconsumo - Samogreen","potentialAction":[{"@type":"SearchAction","target":{"@type":"EntryPoint","urlTemplate":"https:\/\/samogreen.com\/samogreen\/?s={search_term_string}"},"query-input":{"@type":"PropertyValueSpecification","valueRequired":true,"valueName":"search_term_string"}}],"inLanguage":"pt-PT"},{"@type":"Organization","@id":"https:\/\/samogreen.com\/samogreen\/#organization","name":"SAMOGREEN - Energias renov\u00e1veis e solu\u00e7\u00f5es de autoconsumo","url":"https:\/\/samogreen.com\/samogreen\/","logo":{"@type":"ImageObject","inLanguage":"pt-PT","@id":"https:\/\/samogreen.com\/samogreen\/#\/schema\/logo\/image\/","url":"https:\/\/samogreen.com\/samogreen\/wp-content\/uploads\/2016\/02\/logo.png","contentUrl":"https:\/\/samogreen.com\/samogreen\/wp-content\/uploads\/2016\/02\/logo.png","width":285,"height":85,"caption":"SAMOGREEN - Energias renov\u00e1veis e solu\u00e7\u00f5es de autoconsumo"},"image":{"@id":"https:\/\/samogreen.com\/samogreen\/#\/schema\/logo\/image\/"},"sameAs":["https:\/\/www.facebook.com\/pages\/Samogreen-Systems\/730228706990135","https:\/\/pt.linkedin.com\/in\/samogreen-systems-4a621021"]}]}},"coauthors":[],"author_meta":{"author_link":"https:\/\/samogreen.com\/samogreen\/author\/samogreen\/","display_name":"samogreen"},"relative_dates":{"created":"Posted 10 anos ago","modified":"Updated 10 anos ago"},"absolute_dates":{"created":"Posted on 6 Fevereiro, 2016","modified":"Updated on 7 Fevereiro, 2016"},"absolute_dates_time":{"created":"Posted on 6 Fevereiro, 2016 23:29","modified":"Updated on 7 Fevereiro, 2016 17:43"},"featured_img_caption":"","featured_img":false,"series_order":"","_links":{"self":[{"href":"https:\/\/samogreen.com\/samogreen\/wp-json\/wp\/v2\/pages\/8","targetHints":{"allow":["GET"]}}],"collection":[{"href":"https:\/\/samogreen.com\/samogreen\/wp-json\/wp\/v2\/pages"}],"about":[{"href":"https:\/\/samogreen.com\/samogreen\/wp-json\/wp\/v2\/types\/page"}],"author":[{"embeddable":true,"href":"https:\/\/samogreen.com\/samogreen\/wp-json\/wp\/v2\/users\/1"}],"replies":[{"embeddable":true,"href":"https:\/\/samogreen.com\/samogreen\/wp-json\/wp\/v2\/comments?post=8"}],"version-history":[{"count":7,"href":"https:\/\/samogreen.com\/samogreen\/wp-json\/wp\/v2\/pages\/8\/revisions"}],"predecessor-version":[{"id":51,"href":"https:\/\/samogreen.com\/samogreen\/wp-json\/wp\/v2\/pages\/8\/revisions\/51"}],"wp:attachment":[{"href":"https:\/\/samogreen.com\/samogreen\/wp-json\/wp\/v2\/media?parent=8"}],"curies":[{"name":"wp","href":"https:\/\/api.w.org\/{rel}","templated":true}]}}