{"id":231,"date":"2025-09-09T18:15:45","date_gmt":"2025-09-09T18:15:45","guid":{"rendered":"https:\/\/samogreen.com\/samogreen\/?page_id=231"},"modified":"2025-09-26T08:27:01","modified_gmt":"2025-09-26T08:27:01","slug":"politica-de-privacidade-cookies","status":"publish","type":"page","link":"https:\/\/samogreen.com\/samogreen\/politica-de-privacidade-cookies\/","title":{"rendered":"Pol\u00edtica de privacidade e cookies"},"content":{"rendered":"<p><strong>\u00c2mbito:<\/strong> A Pol\u00edtica de Privacidade destina-se a regular o tratamento de dados pessoais a realizar pela Samogreen por conta da utiliza\u00e7\u00e3o do seu website.<\/p>\n<p>Ao submeter os seus dados est\u00e1 a aceitar a nossa pol\u00edtica de privacidade.<\/p>\n<p><strong>Respons\u00e1vel pelo tratamento:<\/strong> O tratamento dos dados pessoais recolhidos neste site \u00e9 da exclusiva responsabilidade da Samogreen, com sede em Travessa das Fonta\u00ednhas, Armaz\u00e9m B, Porto Alto, 2135-062 Samora Correia.<\/p>\n<p><strong>Legisla\u00e7\u00e3o:\u00a0<\/strong>A Samogreen garante o tratamento dos dados pessoais em conformidade com a legisla\u00e7\u00e3o em vigor relativa \u00e0 sua recolha, tratamento, utiliza\u00e7\u00e3o, divulga\u00e7\u00e3o, armazenamento e privacidade.<\/p>\n<p><strong>Recolha:<\/strong> Os dados pessoais apenas poder\u00e3o ser recolhidos quando fornecidos diretamente pelo utilizador. Nomeadamente, atrav\u00e9s do formul\u00e1rio para solicitar informa\u00e7\u00e3o sobre produtos e servi\u00e7os ou por via da troca de correspond\u00eancia eletr\u00f3nica com a Samogreen.<\/p>\n<p><strong>Finalidades:<\/strong>\u00a0A utiliza\u00e7\u00e3o dos dados recolhidos tem como finalidade, nomeadamente, fornecer informa\u00e7\u00e3o sobre os nossos produtos e servi\u00e7os e responder \u00e0s quest\u00f5es colocadas atrav\u00e9s do formul\u00e1rio de contato, em qualquer dos casos, mediante consentimento pr\u00e9vio.<\/p>\n<p><strong>Objeto:<\/strong>\u00a0O tratamento de dados pessoais inclui o registo, recolha, consulta, utiliza\u00e7\u00e3o, adapta\u00e7\u00e3o, altera\u00e7\u00e3o, armazenamento e destrui\u00e7\u00e3o dos dados, entre outras opera\u00e7\u00f5es.<\/p>\n<p><strong>Transmiss\u00e3o:<\/strong> Para al\u00e9m das obriga\u00e7\u00f5es referidas na Lei aplic\u00e1vel \u00e0 prote\u00e7\u00e3o de dados ou \u00e0 salvaguarda e prote\u00e7\u00e3o dos seus pr\u00f3prios interesses, a Samogreen n\u00e3o partilhar\u00e1 quaisquer dados pessoais com entidades terceiras.<\/p>\n<p><strong>Medidas t\u00e9cnicas e organizativas:\u00a0<\/strong>A Samogreen possui medidas t\u00e9cnicas e organizativas adequadas \u00e0 prote\u00e7\u00e3o dos dados tratados, nomeadamente, contra acessos n\u00e3o autorizados ou qualquer outra forma de tratamento ilegal ou il\u00edcito.<\/p>\n<p><strong>Acesso, Altera\u00e7\u00e3o e Esquecimento:<\/strong> \u00c9 conferido ao titular dos dados o direito de acesso e retifica\u00e7\u00e3o dos dados tratados, podendo, a qualquer momento, retirar o consentimento para o tratamento e solicitar o apagamento dos dados, mediante comunica\u00e7\u00e3o escrita dirigida \u00e0 Samogreen, atrav\u00e9s do email <a href=\"mailto:geral@samogreen.com\">geral@samogreen.com<\/a>.<\/p>\n<p><strong>Dura\u00e7\u00e3o da manuten\u00e7\u00e3o dos dados:<\/strong> A Samogreen levar\u00e1 a cabo os esfor\u00e7os razo\u00e1veis para assegurar que conserva os dados sobre o titular dos dados apenas durante o tempo necess\u00e1rio relativamente \u00e0 finalidade para a qual foram recolhidos, ou conforme requerido ao abrigo de qualquer contrato ou da legisla\u00e7\u00e3o aplic\u00e1vel, num prazo m\u00e1ximo de 5 (cinco) anos.<\/p>\n<p><strong>Cookies:\u00a0<\/strong>Os \u201ccookies\u201d s\u00e3o armazenados no seu computador atrav\u00e9s do navegador (browser), retendo apenas informa\u00e7\u00e3o relacionada com as suas prefer\u00eancias, n\u00e3o incluindo, como tal, os seus dados pessoais.<\/p>\n<p>No texto abaixo pode encontrar mais informa\u00e7\u00e3o acerca dos v\u00e1rios cookies que utilizamos e o prop\u00f3sito de cada um:<\/p>\n<ul>\n<li>Cookies estritamente necess\u00e1rios: Permitem que o utilizador navegue no website e utilize as suas aplica\u00e7\u00f5es. Sem estes cookies, os servi\u00e7os que tenha requerido n\u00e3o podem ser prestados.<\/li>\n<li>Cookies anal\u00edticos: S\u00e3o utilizados anonimamente para efeitos de cria\u00e7\u00e3o e an\u00e1lise de estat\u00edsticas, no sentido de melhorar o funcionamento do website.<\/li>\n<li>Cookies de funcionalidade: Guardam as prefer\u00eancias do utilizador relativamente \u00e0 utiliza\u00e7\u00e3o do site, de forma que n\u00e3o seja necess\u00e1rio voltar a configurar o site de cada vez que o visita.<\/li>\n<\/ul>\n<p>Se n\u00e3o permitir a utiliza\u00e7\u00e3o de cookies algumas das funcionalidades poder\u00e3o n\u00e3o corresponder ao n\u00edvel de servi\u00e7o esperado.<\/p>\n<p>Caso pretenda remover cookies consulte a sec\u00e7\u00e3o de \u201cAjuda\u201d do seu navegador (browser) de internet. Para saber mais sobre cookies:\u00a0<a href=\"https:\/\/support.microsoft.com\/pt-br\/help\/260971\/description-of-cookies\" target=\"_blank\" rel=\"noreferrer noopener\"><u>https:\/\/support.microsoft.com\/pt-br\/help\/260971\/description-of-cookies<\/u>\u00a0<\/a><\/p>\n<p><strong>Contactos:\u00a0<\/strong>Qualquer comunica\u00e7\u00e3o relativa ao tratamento de dados pessoais dever\u00e1 ser dirigida \u00e0 Samogreen atrav\u00e9s do e-mail: <a href=\"mailto:geral@samogreen.com\">geral@samogreen.com<\/a>.<\/p>\n","protected":false},"excerpt":{"rendered":"<p>\u00c2mbito: A Pol\u00edtica de Privacidade destina-se a regular o tratamento de dados pessoais a realizar pela Samogreen por conta da utiliza\u00e7\u00e3o do seu website. Ao submeter os seus dados est\u00e1 a aceitar a nossa pol\u00edtica de privacidade. Respons\u00e1vel pelo tratamento: O tratamento dos dados pessoais recolhidos neste site \u00e9 da exclusiva responsabilidade da Samogreen, com<a href=\"https:\/\/samogreen.com\/samogreen\/politica-de-privacidade-cookies\/\">[&#8230;]<\/a><\/p>\n","protected":false},"author":1,"featured_media":0,"parent":0,"menu_order":0,"comment_status":"closed","ping_status":"closed","template":"","meta":{"advgb_blocks_editor_width":"","advgb_blocks_columns_visual_guide":"","footnotes":""},"class_list":["post-231","page","type-page","status-publish","hentry"],"yoast_head":"<!-- This site is optimized with the Yoast SEO plugin v27.3 - https:\/\/yoast.com\/product\/yoast-seo-wordpress\/ -->\n<title>Pol\u00edtica de privacidade e cookies - Samogreen<\/title>\n<meta name=\"robots\" content=\"index, follow, max-snippet:-1, max-image-preview:large, max-video-preview:-1\" \/>\n<link rel=\"canonical\" href=\"https:\/\/samogreen.com\/samogreen\/politica-de-privacidade-cookies\/\" \/>\n<meta property=\"og:locale\" content=\"pt_PT\" \/>\n<meta property=\"og:type\" content=\"article\" \/>\n<meta property=\"og:title\" content=\"Pol\u00edtica de privacidade e cookies - Samogreen\" \/>\n<meta property=\"og:description\" content=\"\u00c2mbito: A Pol\u00edtica de Privacidade destina-se a regular o tratamento de dados pessoais a realizar pela Samogreen por conta da utiliza\u00e7\u00e3o do seu website. Ao submeter os seus dados est\u00e1 a aceitar a nossa pol\u00edtica de privacidade. Respons\u00e1vel pelo tratamento: O tratamento dos dados pessoais recolhidos neste site \u00e9 da exclusiva responsabilidade da Samogreen, com[...]\" \/>\n<meta property=\"og:url\" content=\"https:\/\/samogreen.com\/samogreen\/politica-de-privacidade-cookies\/\" \/>\n<meta property=\"og:site_name\" content=\"Samogreen\" \/>\n<meta property=\"article:publisher\" content=\"https:\/\/www.facebook.com\/pages\/Samogreen-Systems\/730228706990135\" \/>\n<meta property=\"article:modified_time\" content=\"2025-09-26T08:27:01+00:00\" \/>\n<meta property=\"og:image\" content=\"https:\/\/samogreen.com\/samogreen\/wp-content\/uploads\/2016\/02\/logoSquare.jpg\" \/>\n\t<meta property=\"og:image:width\" content=\"182\" \/>\n\t<meta property=\"og:image:height\" content=\"182\" \/>\n\t<meta property=\"og:image:type\" content=\"image\/jpeg\" \/>\n<meta name=\"twitter:card\" content=\"summary_large_image\" \/>\n<meta name=\"twitter:label1\" content=\"Tempo estimado de leitura\" \/>\n\t<meta name=\"twitter:data1\" content=\"3 minutos\" \/>\n<script type=\"application\/ld+json\" class=\"yoast-schema-graph\">{\"@context\":\"https:\\\/\\\/schema.org\",\"@graph\":[{\"@type\":\"WebPage\",\"@id\":\"https:\\\/\\\/samogreen.com\\\/samogreen\\\/politica-de-privacidade-cookies\\\/\",\"url\":\"https:\\\/\\\/samogreen.com\\\/samogreen\\\/politica-de-privacidade-cookies\\\/\",\"name\":\"Pol\u00edtica de privacidade e cookies - Samogreen\",\"isPartOf\":{\"@id\":\"https:\\\/\\\/samogreen.com\\\/samogreen\\\/#website\"},\"datePublished\":\"2025-09-09T18:15:45+00:00\",\"dateModified\":\"2025-09-26T08:27:01+00:00\",\"breadcrumb\":{\"@id\":\"https:\\\/\\\/samogreen.com\\\/samogreen\\\/politica-de-privacidade-cookies\\\/#breadcrumb\"},\"inLanguage\":\"pt-PT\",\"potentialAction\":[{\"@type\":\"ReadAction\",\"target\":[\"https:\\\/\\\/samogreen.com\\\/samogreen\\\/politica-de-privacidade-cookies\\\/\"]}]},{\"@type\":\"BreadcrumbList\",\"@id\":\"https:\\\/\\\/samogreen.com\\\/samogreen\\\/politica-de-privacidade-cookies\\\/#breadcrumb\",\"itemListElement\":[{\"@type\":\"ListItem\",\"position\":1,\"name\":\"Home\",\"item\":\"https:\\\/\\\/samogreen.com\\\/samogreen\\\/\"},{\"@type\":\"ListItem\",\"position\":2,\"name\":\"Pol\u00edtica de privacidade e cookies\"}]},{\"@type\":\"WebSite\",\"@id\":\"https:\\\/\\\/samogreen.com\\\/samogreen\\\/#website\",\"url\":\"https:\\\/\\\/samogreen.com\\\/samogreen\\\/\",\"name\":\"Samogreen\",\"description\":\"Energias Renov\u00e1veis, Autoconsumo e Seguran\u00e7a Electr\u00f3nica\",\"publisher\":{\"@id\":\"https:\\\/\\\/samogreen.com\\\/samogreen\\\/#organization\"},\"alternateName\":\"Energias renov\u00e1veis e solu\u00e7\u00f5es de autoconsumo - Samogreen\",\"potentialAction\":[{\"@type\":\"SearchAction\",\"target\":{\"@type\":\"EntryPoint\",\"urlTemplate\":\"https:\\\/\\\/samogreen.com\\\/samogreen\\\/?s={search_term_string}\"},\"query-input\":{\"@type\":\"PropertyValueSpecification\",\"valueRequired\":true,\"valueName\":\"search_term_string\"}}],\"inLanguage\":\"pt-PT\"},{\"@type\":\"Organization\",\"@id\":\"https:\\\/\\\/samogreen.com\\\/samogreen\\\/#organization\",\"name\":\"SAMOGREEN - Energias renov\u00e1veis e solu\u00e7\u00f5es de autoconsumo\",\"url\":\"https:\\\/\\\/samogreen.com\\\/samogreen\\\/\",\"logo\":{\"@type\":\"ImageObject\",\"inLanguage\":\"pt-PT\",\"@id\":\"https:\\\/\\\/samogreen.com\\\/samogreen\\\/#\\\/schema\\\/logo\\\/image\\\/\",\"url\":\"https:\\\/\\\/samogreen.com\\\/samogreen\\\/wp-content\\\/uploads\\\/2016\\\/02\\\/logo.png\",\"contentUrl\":\"https:\\\/\\\/samogreen.com\\\/samogreen\\\/wp-content\\\/uploads\\\/2016\\\/02\\\/logo.png\",\"width\":285,\"height\":85,\"caption\":\"SAMOGREEN - Energias renov\u00e1veis e solu\u00e7\u00f5es de autoconsumo\"},\"image\":{\"@id\":\"https:\\\/\\\/samogreen.com\\\/samogreen\\\/#\\\/schema\\\/logo\\\/image\\\/\"},\"sameAs\":[\"https:\\\/\\\/www.facebook.com\\\/pages\\\/Samogreen-Systems\\\/730228706990135\",\"https:\\\/\\\/pt.linkedin.com\\\/in\\\/samogreen-systems-4a621021\"]}]}<\/script>\n<!-- \/ Yoast SEO plugin. -->","yoast_head_json":{"title":"Pol\u00edtica de privacidade e cookies - Samogreen","robots":{"index":"index","follow":"follow","max-snippet":"max-snippet:-1","max-image-preview":"max-image-preview:large","max-video-preview":"max-video-preview:-1"},"canonical":"https:\/\/samogreen.com\/samogreen\/politica-de-privacidade-cookies\/","og_locale":"pt_PT","og_type":"article","og_title":"Pol\u00edtica de privacidade e cookies - Samogreen","og_description":"\u00c2mbito: A Pol\u00edtica de Privacidade destina-se a regular o tratamento de dados pessoais a realizar pela Samogreen por conta da utiliza\u00e7\u00e3o do seu website. Ao submeter os seus dados est\u00e1 a aceitar a nossa pol\u00edtica de privacidade. Respons\u00e1vel pelo tratamento: O tratamento dos dados pessoais recolhidos neste site \u00e9 da exclusiva responsabilidade da Samogreen, com[...]","og_url":"https:\/\/samogreen.com\/samogreen\/politica-de-privacidade-cookies\/","og_site_name":"Samogreen","article_publisher":"https:\/\/www.facebook.com\/pages\/Samogreen-Systems\/730228706990135","article_modified_time":"2025-09-26T08:27:01+00:00","og_image":[{"width":182,"height":182,"url":"https:\/\/samogreen.com\/samogreen\/wp-content\/uploads\/2016\/02\/logoSquare.jpg","type":"image\/jpeg"}],"twitter_card":"summary_large_image","twitter_misc":{"Tempo estimado de leitura":"3 minutos"},"schema":{"@context":"https:\/\/schema.org","@graph":[{"@type":"WebPage","@id":"https:\/\/samogreen.com\/samogreen\/politica-de-privacidade-cookies\/","url":"https:\/\/samogreen.com\/samogreen\/politica-de-privacidade-cookies\/","name":"Pol\u00edtica de privacidade e cookies - Samogreen","isPartOf":{"@id":"https:\/\/samogreen.com\/samogreen\/#website"},"datePublished":"2025-09-09T18:15:45+00:00","dateModified":"2025-09-26T08:27:01+00:00","breadcrumb":{"@id":"https:\/\/samogreen.com\/samogreen\/politica-de-privacidade-cookies\/#breadcrumb"},"inLanguage":"pt-PT","potentialAction":[{"@type":"ReadAction","target":["https:\/\/samogreen.com\/samogreen\/politica-de-privacidade-cookies\/"]}]},{"@type":"BreadcrumbList","@id":"https:\/\/samogreen.com\/samogreen\/politica-de-privacidade-cookies\/#breadcrumb","itemListElement":[{"@type":"ListItem","position":1,"name":"Home","item":"https:\/\/samogreen.com\/samogreen\/"},{"@type":"ListItem","position":2,"name":"Pol\u00edtica de privacidade e cookies"}]},{"@type":"WebSite","@id":"https:\/\/samogreen.com\/samogreen\/#website","url":"https:\/\/samogreen.com\/samogreen\/","name":"Samogreen","description":"Energias Renov\u00e1veis, Autoconsumo e Seguran\u00e7a Electr\u00f3nica","publisher":{"@id":"https:\/\/samogreen.com\/samogreen\/#organization"},"alternateName":"Energias renov\u00e1veis e solu\u00e7\u00f5es de autoconsumo - Samogreen","potentialAction":[{"@type":"SearchAction","target":{"@type":"EntryPoint","urlTemplate":"https:\/\/samogreen.com\/samogreen\/?s={search_term_string}"},"query-input":{"@type":"PropertyValueSpecification","valueRequired":true,"valueName":"search_term_string"}}],"inLanguage":"pt-PT"},{"@type":"Organization","@id":"https:\/\/samogreen.com\/samogreen\/#organization","name":"SAMOGREEN - Energias renov\u00e1veis e solu\u00e7\u00f5es de autoconsumo","url":"https:\/\/samogreen.com\/samogreen\/","logo":{"@type":"ImageObject","inLanguage":"pt-PT","@id":"https:\/\/samogreen.com\/samogreen\/#\/schema\/logo\/image\/","url":"https:\/\/samogreen.com\/samogreen\/wp-content\/uploads\/2016\/02\/logo.png","contentUrl":"https:\/\/samogreen.com\/samogreen\/wp-content\/uploads\/2016\/02\/logo.png","width":285,"height":85,"caption":"SAMOGREEN - Energias renov\u00e1veis e solu\u00e7\u00f5es de autoconsumo"},"image":{"@id":"https:\/\/samogreen.com\/samogreen\/#\/schema\/logo\/image\/"},"sameAs":["https:\/\/www.facebook.com\/pages\/Samogreen-Systems\/730228706990135","https:\/\/pt.linkedin.com\/in\/samogreen-systems-4a621021"]}]}},"coauthors":[],"author_meta":{"author_link":"https:\/\/samogreen.com\/samogreen\/author\/samogreen\/","display_name":"samogreen"},"relative_dates":{"created":"Posted 7 meses ago","modified":"Updated 7 meses ago"},"absolute_dates":{"created":"Posted on 9 Setembro, 2025","modified":"Updated on 26 Setembro, 2025"},"absolute_dates_time":{"created":"Posted on 9 Setembro, 2025 18:15","modified":"Updated on 26 Setembro, 2025 8:27"},"featured_img_caption":"","featured_img":false,"series_order":"","_links":{"self":[{"href":"https:\/\/samogreen.com\/samogreen\/wp-json\/wp\/v2\/pages\/231","targetHints":{"allow":["GET"]}}],"collection":[{"href":"https:\/\/samogreen.com\/samogreen\/wp-json\/wp\/v2\/pages"}],"about":[{"href":"https:\/\/samogreen.com\/samogreen\/wp-json\/wp\/v2\/types\/page"}],"author":[{"embeddable":true,"href":"https:\/\/samogreen.com\/samogreen\/wp-json\/wp\/v2\/users\/1"}],"replies":[{"embeddable":true,"href":"https:\/\/samogreen.com\/samogreen\/wp-json\/wp\/v2\/comments?post=231"}],"version-history":[{"count":2,"href":"https:\/\/samogreen.com\/samogreen\/wp-json\/wp\/v2\/pages\/231\/revisions"}],"predecessor-version":[{"id":234,"href":"https:\/\/samogreen.com\/samogreen\/wp-json\/wp\/v2\/pages\/231\/revisions\/234"}],"wp:attachment":[{"href":"https:\/\/samogreen.com\/samogreen\/wp-json\/wp\/v2\/media?parent=231"}],"curies":[{"name":"wp","href":"https:\/\/api.w.org\/{rel}","templated":true}]}}