{"id":10,"date":"2016-02-06T23:29:34","date_gmt":"2016-02-06T23:29:34","guid":{"rendered":"https:\/\/samogreen.com\/samogreen\/?page_id=10"},"modified":"2023-06-27T16:35:08","modified_gmt":"2023-06-27T16:35:08","slug":"contactos","status":"publish","type":"page","link":"https:\/\/samogreen.com\/samogreen\/contactos\/","title":{"rendered":"Contactos"},"content":{"rendered":"<p>Samogreen<\/p>\n<p>Travessa das Fonta\u00ednhas<br \/>\nArmaz\u00e9m B, Porto Alto<br \/>\n2135-062 Samora Correia<br \/>\nPortugal<\/p>\n<p>geral@samogreen.com<\/p>\n<p>+351 263 040 364<br \/>\n<small>(chamada para a rede fixa nacional)<\/small><\/p>\n<p><a href=\"https:\/\/www.google.pt\/maps\/place\/Samogreen\/@38.9082314,-8.8811766,18z\/data=!3m1!4b1!4m13!1m7!3m6!1s0xd19219cc083ea1d:0x9ebe85a45f8620c6!2sEstr.+das+Fonta%C3%ADnhas,+Samora+Correia!3b1!8m2!3d38.9106638!4d-8.8765993!3m4!1s0xd1921dc56101e05:0xc97414835d5d6321!8m2!3d38.9082314!4d-8.8800823\" target=\"_blank\" rel=\"noopener\">Ver Mapa<\/a><\/p>\n<hr \/>\n<p><strong>Filial Sul<\/strong><\/p>\n<p>Avenida 5 de Outubro n.\u00ba 82 A<br \/>\nFaro Avenida Business Center<br \/>\n8000-076 Faro<\/p>\n<p><a href=\"https:\/\/www.google.pt\/maps\/place\/Faro+Avenida\/@37.0179338,-7.9250737,19z\/data=!3m2!4b1!5s0xd0552db0d5c9b9f:0xa42c37e3a9615dc6!4m5!3m4!1s0xd0552db1351c31d:0xfd02db755dcfaf7b!8m2!3d37.0179338!4d-7.9245265\" target=\"_blank\" rel=\"noopener\">Ver Mapa<\/a><\/p>\n","protected":false},"excerpt":{"rendered":"<p>Samogreen Travessa das Fonta\u00ednhas Armaz\u00e9m B, Porto Alto 2135-062 Samora Correia Portugal geral@samogreen.com +351 263 040 364 (chamada para a rede fixa nacional) Ver Mapa Filial Sul Avenida 5 de Outubro n.\u00ba 82 A Faro Avenida Business Center 8000-076 Faro Ver Mapa<\/p>\n","protected":false},"author":1,"featured_media":0,"parent":0,"menu_order":0,"comment_status":"closed","ping_status":"closed","template":"","meta":{"advgb_blocks_editor_width":"","advgb_blocks_columns_visual_guide":"","footnotes":""},"class_list":["post-10","page","type-page","status-publish","hentry"],"yoast_head":"<!-- This site is optimized with the Yoast SEO plugin v27.3 - https:\/\/yoast.com\/product\/yoast-seo-wordpress\/ -->\n<title>Contactos - Samogreen<\/title>\n<meta name=\"description\" content=\"Contactos da Samogreen.\" \/>\n<meta name=\"robots\" content=\"index, follow, max-snippet:-1, max-image-preview:large, max-video-preview:-1\" \/>\n<link rel=\"canonical\" href=\"https:\/\/samogreen.com\/samogreen\/contactos\/\" \/>\n<meta property=\"og:locale\" content=\"pt_PT\" \/>\n<meta property=\"og:type\" content=\"article\" \/>\n<meta property=\"og:title\" content=\"Contactos - Samogreen\" \/>\n<meta property=\"og:description\" content=\"Contactos da Samogreen.\" \/>\n<meta property=\"og:url\" content=\"https:\/\/samogreen.com\/samogreen\/contactos\/\" \/>\n<meta property=\"og:site_name\" content=\"Samogreen\" \/>\n<meta property=\"article:publisher\" content=\"https:\/\/www.facebook.com\/pages\/Samogreen-Systems\/730228706990135\" \/>\n<meta property=\"article:modified_time\" content=\"2023-06-27T16:35:08+00:00\" \/>\n<meta property=\"og:image\" content=\"https:\/\/samogreen.com\/samogreen\/wp-content\/uploads\/2016\/02\/logoSquare.jpg\" \/>\n\t<meta property=\"og:image:width\" content=\"182\" \/>\n\t<meta property=\"og:image:height\" content=\"182\" \/>\n\t<meta property=\"og:image:type\" content=\"image\/jpeg\" \/>\n<meta name=\"twitter:card\" content=\"summary_large_image\" \/>\n<meta name=\"twitter:label1\" content=\"Tempo estimado de leitura\" \/>\n\t<meta name=\"twitter:data1\" content=\"1 minuto\" \/>\n<script type=\"application\/ld+json\" class=\"yoast-schema-graph\">{\"@context\":\"https:\\\/\\\/schema.org\",\"@graph\":[{\"@type\":\"WebPage\",\"@id\":\"https:\\\/\\\/samogreen.com\\\/samogreen\\\/contactos\\\/\",\"url\":\"https:\\\/\\\/samogreen.com\\\/samogreen\\\/contactos\\\/\",\"name\":\"Contactos - Samogreen\",\"isPartOf\":{\"@id\":\"https:\\\/\\\/samogreen.com\\\/samogreen\\\/#website\"},\"datePublished\":\"2016-02-06T23:29:34+00:00\",\"dateModified\":\"2023-06-27T16:35:08+00:00\",\"description\":\"Contactos da Samogreen.\",\"breadcrumb\":{\"@id\":\"https:\\\/\\\/samogreen.com\\\/samogreen\\\/contactos\\\/#breadcrumb\"},\"inLanguage\":\"pt-PT\",\"potentialAction\":[{\"@type\":\"ReadAction\",\"target\":[\"https:\\\/\\\/samogreen.com\\\/samogreen\\\/contactos\\\/\"]}]},{\"@type\":\"BreadcrumbList\",\"@id\":\"https:\\\/\\\/samogreen.com\\\/samogreen\\\/contactos\\\/#breadcrumb\",\"itemListElement\":[{\"@type\":\"ListItem\",\"position\":1,\"name\":\"Home\",\"item\":\"https:\\\/\\\/samogreen.com\\\/samogreen\\\/\"},{\"@type\":\"ListItem\",\"position\":2,\"name\":\"Contactos\"}]},{\"@type\":\"WebSite\",\"@id\":\"https:\\\/\\\/samogreen.com\\\/samogreen\\\/#website\",\"url\":\"https:\\\/\\\/samogreen.com\\\/samogreen\\\/\",\"name\":\"Samogreen\",\"description\":\"Energias Renov\u00e1veis, Autoconsumo e Seguran\u00e7a Electr\u00f3nica\",\"publisher\":{\"@id\":\"https:\\\/\\\/samogreen.com\\\/samogreen\\\/#organization\"},\"alternateName\":\"Energias renov\u00e1veis e solu\u00e7\u00f5es de autoconsumo - Samogreen\",\"potentialAction\":[{\"@type\":\"SearchAction\",\"target\":{\"@type\":\"EntryPoint\",\"urlTemplate\":\"https:\\\/\\\/samogreen.com\\\/samogreen\\\/?s={search_term_string}\"},\"query-input\":{\"@type\":\"PropertyValueSpecification\",\"valueRequired\":true,\"valueName\":\"search_term_string\"}}],\"inLanguage\":\"pt-PT\"},{\"@type\":\"Organization\",\"@id\":\"https:\\\/\\\/samogreen.com\\\/samogreen\\\/#organization\",\"name\":\"SAMOGREEN - Energias renov\u00e1veis e solu\u00e7\u00f5es de autoconsumo\",\"url\":\"https:\\\/\\\/samogreen.com\\\/samogreen\\\/\",\"logo\":{\"@type\":\"ImageObject\",\"inLanguage\":\"pt-PT\",\"@id\":\"https:\\\/\\\/samogreen.com\\\/samogreen\\\/#\\\/schema\\\/logo\\\/image\\\/\",\"url\":\"https:\\\/\\\/samogreen.com\\\/samogreen\\\/wp-content\\\/uploads\\\/2016\\\/02\\\/logo.png\",\"contentUrl\":\"https:\\\/\\\/samogreen.com\\\/samogreen\\\/wp-content\\\/uploads\\\/2016\\\/02\\\/logo.png\",\"width\":285,\"height\":85,\"caption\":\"SAMOGREEN - Energias renov\u00e1veis e solu\u00e7\u00f5es de autoconsumo\"},\"image\":{\"@id\":\"https:\\\/\\\/samogreen.com\\\/samogreen\\\/#\\\/schema\\\/logo\\\/image\\\/\"},\"sameAs\":[\"https:\\\/\\\/www.facebook.com\\\/pages\\\/Samogreen-Systems\\\/730228706990135\",\"https:\\\/\\\/pt.linkedin.com\\\/in\\\/samogreen-systems-4a621021\"]}]}<\/script>\n<!-- \/ Yoast SEO plugin. -->","yoast_head_json":{"title":"Contactos - Samogreen","description":"Contactos da Samogreen.","robots":{"index":"index","follow":"follow","max-snippet":"max-snippet:-1","max-image-preview":"max-image-preview:large","max-video-preview":"max-video-preview:-1"},"canonical":"https:\/\/samogreen.com\/samogreen\/contactos\/","og_locale":"pt_PT","og_type":"article","og_title":"Contactos - Samogreen","og_description":"Contactos da Samogreen.","og_url":"https:\/\/samogreen.com\/samogreen\/contactos\/","og_site_name":"Samogreen","article_publisher":"https:\/\/www.facebook.com\/pages\/Samogreen-Systems\/730228706990135","article_modified_time":"2023-06-27T16:35:08+00:00","og_image":[{"width":182,"height":182,"url":"https:\/\/samogreen.com\/samogreen\/wp-content\/uploads\/2016\/02\/logoSquare.jpg","type":"image\/jpeg"}],"twitter_card":"summary_large_image","twitter_misc":{"Tempo estimado de leitura":"1 minuto"},"schema":{"@context":"https:\/\/schema.org","@graph":[{"@type":"WebPage","@id":"https:\/\/samogreen.com\/samogreen\/contactos\/","url":"https:\/\/samogreen.com\/samogreen\/contactos\/","name":"Contactos - Samogreen","isPartOf":{"@id":"https:\/\/samogreen.com\/samogreen\/#website"},"datePublished":"2016-02-06T23:29:34+00:00","dateModified":"2023-06-27T16:35:08+00:00","description":"Contactos da Samogreen.","breadcrumb":{"@id":"https:\/\/samogreen.com\/samogreen\/contactos\/#breadcrumb"},"inLanguage":"pt-PT","potentialAction":[{"@type":"ReadAction","target":["https:\/\/samogreen.com\/samogreen\/contactos\/"]}]},{"@type":"BreadcrumbList","@id":"https:\/\/samogreen.com\/samogreen\/contactos\/#breadcrumb","itemListElement":[{"@type":"ListItem","position":1,"name":"Home","item":"https:\/\/samogreen.com\/samogreen\/"},{"@type":"ListItem","position":2,"name":"Contactos"}]},{"@type":"WebSite","@id":"https:\/\/samogreen.com\/samogreen\/#website","url":"https:\/\/samogreen.com\/samogreen\/","name":"Samogreen","description":"Energias Renov\u00e1veis, Autoconsumo e Seguran\u00e7a Electr\u00f3nica","publisher":{"@id":"https:\/\/samogreen.com\/samogreen\/#organization"},"alternateName":"Energias renov\u00e1veis e solu\u00e7\u00f5es de autoconsumo - Samogreen","potentialAction":[{"@type":"SearchAction","target":{"@type":"EntryPoint","urlTemplate":"https:\/\/samogreen.com\/samogreen\/?s={search_term_string}"},"query-input":{"@type":"PropertyValueSpecification","valueRequired":true,"valueName":"search_term_string"}}],"inLanguage":"pt-PT"},{"@type":"Organization","@id":"https:\/\/samogreen.com\/samogreen\/#organization","name":"SAMOGREEN - Energias renov\u00e1veis e solu\u00e7\u00f5es de autoconsumo","url":"https:\/\/samogreen.com\/samogreen\/","logo":{"@type":"ImageObject","inLanguage":"pt-PT","@id":"https:\/\/samogreen.com\/samogreen\/#\/schema\/logo\/image\/","url":"https:\/\/samogreen.com\/samogreen\/wp-content\/uploads\/2016\/02\/logo.png","contentUrl":"https:\/\/samogreen.com\/samogreen\/wp-content\/uploads\/2016\/02\/logo.png","width":285,"height":85,"caption":"SAMOGREEN - Energias renov\u00e1veis e solu\u00e7\u00f5es de autoconsumo"},"image":{"@id":"https:\/\/samogreen.com\/samogreen\/#\/schema\/logo\/image\/"},"sameAs":["https:\/\/www.facebook.com\/pages\/Samogreen-Systems\/730228706990135","https:\/\/pt.linkedin.com\/in\/samogreen-systems-4a621021"]}]}},"coauthors":[],"author_meta":{"author_link":"https:\/\/samogreen.com\/samogreen\/author\/samogreen\/","display_name":"samogreen"},"relative_dates":{"created":"Posted 10 anos ago","modified":"Updated 3 anos ago"},"absolute_dates":{"created":"Posted on 6 Fevereiro, 2016","modified":"Updated on 27 Junho, 2023"},"absolute_dates_time":{"created":"Posted on 6 Fevereiro, 2016 23:29","modified":"Updated on 27 Junho, 2023 16:35"},"featured_img_caption":"","featured_img":false,"series_order":"","_links":{"self":[{"href":"https:\/\/samogreen.com\/samogreen\/wp-json\/wp\/v2\/pages\/10","targetHints":{"allow":["GET"]}}],"collection":[{"href":"https:\/\/samogreen.com\/samogreen\/wp-json\/wp\/v2\/pages"}],"about":[{"href":"https:\/\/samogreen.com\/samogreen\/wp-json\/wp\/v2\/types\/page"}],"author":[{"embeddable":true,"href":"https:\/\/samogreen.com\/samogreen\/wp-json\/wp\/v2\/users\/1"}],"replies":[{"embeddable":true,"href":"https:\/\/samogreen.com\/samogreen\/wp-json\/wp\/v2\/comments?post=10"}],"version-history":[{"count":13,"href":"https:\/\/samogreen.com\/samogreen\/wp-json\/wp\/v2\/pages\/10\/revisions"}],"predecessor-version":[{"id":205,"href":"https:\/\/samogreen.com\/samogreen\/wp-json\/wp\/v2\/pages\/10\/revisions\/205"}],"wp:attachment":[{"href":"https:\/\/samogreen.com\/samogreen\/wp-json\/wp\/v2\/media?parent=10"}],"curies":[{"name":"wp","href":"https:\/\/api.w.org\/{rel}","templated":true}]}}